{"id":847,"date":"2021-06-05T16:29:45","date_gmt":"2021-06-05T16:29:45","guid":{"rendered":"https:\/\/octaviocordero.gob.ec\/?page_id=847"},"modified":"2022-11-12T16:11:35","modified_gmt":"2022-11-12T16:11:35","slug":"ano-2021","status":"publish","type":"page","link":"https:\/\/octaviocordero.gob.ec\/index.php\/ano-2021\/","title":{"rendered":"A\u00d1O 2021"},"content":{"rendered":"[et_pb_section admin_label=&#8221;section&#8221;]\n\t\t\t[et_pb_row admin_label=&#8221;row&#8221;]\n\t\t\t\t[et_pb_column type=&#8221;4_4&#8243;][et_pb_text admin_label=&#8221;Text&#8221;]\n<p>FASE 1<\/p>\n\n\n\n<p>MATRIZ DE CONSULTA CIUDADANA<\/p>\n\n\n\n<p>CONFORMACI\u00d3N DE COMISI\u00d3N MIXTA<\/p>\n\n\n\n<p>FASE 2<\/p>\n\n\n\n<p>EVALUACION DE GESTI\u00d3N INSTITUCIONAL<\/p>\n\n\n\n<p><a href=\"https:\/\/octaviocordero.gob.ec\/wp-content\/uploads\/2022\/04\/INFORME-DE-RENDICION-DE-CUENTAS-PERIODO-2021.pdf\">INFORME A LA CIUDADAN\u00cdA<\/a><\/p>\n\n\n\n<p>FORMULARIO DE RENDICION DE CUENTAS ESTABLECIDO POR EL CPCCS<\/p>\n\n\n\n<p>APROBACI\u00d3N DE LA M\u00c1XIMA AUTORIDAD SOBRE EL INFORME DE RENDICI\u00d3N DE CUENTAS<\/p>\n\n\n\n<p>RAZON DE ENV\u00cdO DEL INFORME DE RENDICION DE CUENTAS A LA INSTANCIA DE PARTICIPACI\u00d3N<\/p>\n\n\n\n<p>FASE 3<\/p>\n\n\n\n<p>CONVOCATORIA A AUDIENCIA DE RENDICI\u00d3N DE CUENTAS<\/p>\n\n\n\n<p>PARTICIPACI\u00d3N EN AUDIENCIA DE DELIBERACI\u00d3N DE RENDICI\u00d3N DE CUENTAS<\/p>\n\n\n\n<p>SUGERENCIAS CIUDADANAS \u2013 RENDICI\u00d3N DE CUENTAS<\/p>\n\n\n\n<p>ANEXOS<\/p>\n\n\n\n<p>Informe de rendici\u00f3n de cuentas 2020<\/p>\n\n\n\n<p>Plan Operativo Anual 2020<\/p>\n\n\n\n<p>Estados financieros 2020<\/p>\n\n\n\n<p>\u00cdndice de cumplimiento de metas<\/p>\n\n\n\n<p>Plan de Trabajo de la M\u00e1xima Autoridad \u2013 CNE<\/p>\n\n\n\n<p>Acta de Asamblea \u2013 Presupuesto Participativo 2020<\/p>\n\n\n\n<p>PRIORIZACION DE OBRAS EN LAS COMUNIDADES PARA PERIODO FISCAL 2020<\/p>\n[\/et_pb_text][\/et_pb_column]\n\t\t\t[\/et_pb_row]\n\t\t[\/et_pb_section]","protected":false},"excerpt":{"rendered":"<p>[et_pb_section admin_label=&#8221;section&#8221;] [et_pb_row admin_label=&#8221;row&#8221;] [et_pb_column type=&#8221;4_4&#8243;][et_pb_text admin_label=&#8221;Text&#8221;] FASE 1 MATRIZ DE CONSULTA CIUDADANA CONFORMACI\u00d3N DE COMISI\u00d3N MIXTA FASE 2 EVALUACION [&hellip;]<\/p>\n","protected":false},"author":1,"featured_media":0,"parent":0,"menu_order":0,"comment_status":"closed","ping_status":"closed","template":"","meta":{"site-sidebar-layout":"default","site-content-layout":"","ast-site-content-layout":"","site-content-style":"default","site-sidebar-style":"default","ast-global-header-display":"","ast-banner-title-visibility":"","ast-main-header-display":"","ast-hfb-above-header-display":"","ast-hfb-below-header-display":"","ast-hfb-mobile-header-display":"","site-post-title":"","ast-breadcrumbs-content":"","ast-featured-img":"","footer-sml-layout":"","theme-transparent-header-meta":"","adv-header-id-meta":"","stick-header-meta":"","header-above-stick-meta":"","header-main-stick-meta":"","header-below-stick-meta":"","astra-migrate-meta-layouts":"default","ast-page-background-enabled":"default","ast-page-background-meta":{"desktop":{"background-color":"var(--ast-global-color-4)","background-image":"","background-repeat":"repeat","background-position":"center center","background-size":"auto","background-attachment":"scroll","background-type":"","background-media":"","overlay-type":"","overlay-color":"","overlay-gradient":""},"tablet":{"background-color":"","background-image":"","background-repeat":"repeat","background-position":"center center","background-size":"auto","background-attachment":"scroll","background-type":"","background-media":"","overlay-type":"","overlay-color":"","overlay-gradient":""},"mobile":{"background-color":"","background-image":"","background-repeat":"repeat","background-position":"center center","background-size":"auto","background-attachment":"scroll","background-type":"","background-media":"","overlay-type":"","overlay-color":"","overlay-gradient":""}},"ast-content-background-meta":{"desktop":{"background-color":"var(--ast-global-color-5)","background-image":"","background-repeat":"repeat","background-position":"center center","background-size":"auto","background-attachment":"scroll","background-type":"","background-media":"","overlay-type":"","overlay-color":"","overlay-gradient":""},"tablet":{"background-color":"var(--ast-global-color-5)","background-image":"","background-repeat":"repeat","background-position":"center center","background-size":"auto","background-attachment":"scroll","background-type":"","background-media":"","overlay-type":"","overlay-color":"","overlay-gradient":""},"mobile":{"background-color":"var(--ast-global-color-5)","background-image":"","background-repeat":"repeat","background-position":"center center","background-size":"auto","background-attachment":"scroll","background-type":"","background-media":"","overlay-type":"","overlay-color":"","overlay-gradient":""}},"footnotes":""},"class_list":["post-847","page","type-page","status-publish","hentry"],"_links":{"self":[{"href":"https:\/\/octaviocordero.gob.ec\/index.php\/wp-json\/wp\/v2\/pages\/847","targetHints":{"allow":["GET"]}}],"collection":[{"href":"https:\/\/octaviocordero.gob.ec\/index.php\/wp-json\/wp\/v2\/pages"}],"about":[{"href":"https:\/\/octaviocordero.gob.ec\/index.php\/wp-json\/wp\/v2\/types\/page"}],"author":[{"embeddable":true,"href":"https:\/\/octaviocordero.gob.ec\/index.php\/wp-json\/wp\/v2\/users\/1"}],"replies":[{"embeddable":true,"href":"https:\/\/octaviocordero.gob.ec\/index.php\/wp-json\/wp\/v2\/comments?post=847"}],"version-history":[{"count":6,"href":"https:\/\/octaviocordero.gob.ec\/index.php\/wp-json\/wp\/v2\/pages\/847\/revisions"}],"predecessor-version":[{"id":1703,"href":"https:\/\/octaviocordero.gob.ec\/index.php\/wp-json\/wp\/v2\/pages\/847\/revisions\/1703"}],"wp:attachment":[{"href":"https:\/\/octaviocordero.gob.ec\/index.php\/wp-json\/wp\/v2\/media?parent=847"}],"curies":[{"name":"wp","href":"https:\/\/api.w.org\/{rel}","templated":true}]}}