{"id":759,"date":"2021-03-26T22:20:04","date_gmt":"2021-03-26T22:20:04","guid":{"rendered":"https:\/\/octaviocordero.gob.ec\/?page_id=759"},"modified":"2024-01-31T14:22:56","modified_gmt":"2024-01-31T14:22:56","slug":"reglamentos","status":"publish","type":"page","link":"https:\/\/octaviocordero.gob.ec\/index.php\/reglamentos\/","title":{"rendered":"GACETA OFICIAL"},"content":{"rendered":"[et_pb_section fb_built=&#8221;1&#8243; admin_label=&#8221;section&#8221; _builder_version=&#8221;3.22&#8243;][et_pb_row admin_label=&#8221;row&#8221; _builder_version=&#8221;3.25&#8243; background_size=&#8221;initial&#8221; background_position=&#8221;top_left&#8221; background_repeat=&#8221;repeat&#8221;][et_pb_column type=&#8221;4_4&#8243; _builder_version=&#8221;3.25&#8243; custom_padding=&#8221;|||&#8221; custom_padding__hover=&#8221;|||&#8221;][et_pb_post_title _builder_version=&#8221;4.7.0&#8243; _module_preset=&#8221;default&#8221; text_orientation=&#8221;center&#8221; title_text_color=&#8221;#468e0b&#8221; meta_text_color=&#8221;#c55f0d&#8221; hover_enabled=&#8221;0&#8243; sticky_enabled=&#8221;0&#8243;][\/et_pb_post_title][et_pb_text admin_label=&#8221;Text&#8221; _builder_version=&#8221;4.7.0&#8243; text_text_color=&#8221;#0c71c3&#8243; background_size=&#8221;initial&#8221; background_position=&#8221;top_left&#8221; background_repeat=&#8221;repeat&#8221; hover_enabled=&#8221;0&#8243; sticky_enabled=&#8221;0&#8243; inline_fonts=&#8221;Alegreya Sans&#8221;]\n<ul>\n \t<li>\n<h4><span style=\"text-decoration: underline; color: #333399; font-family: 'Alegreya Sans'; font-weight: normal;\"><a style=\"color: #333399; text-decoration: underline;\" href=\"https:\/\/octaviocordero.gob.ec\/wp-content\/uploads\/2024\/01\/REGLAMENTO_Organico_Funcional.pdf\">Reglamento Org\u00e1nico Funcional por procesos del Gobierno Aut\u00f3nomo Descentralizado Parroquial Rural de Octavio Cordero Palacios \u2013 Gesti\u00f3n 2023-2027<\/a><\/span><\/h4>\n<\/li>\n \t<li>\n<h4><span style=\"text-decoration: underline; color: #333399; font-family: 'Alegreya Sans'; font-weight: normal;\"><a style=\"color: #333399; text-decoration: underline;\" href=\"https:\/\/octaviocordero.gob.ec\/wp-content\/uploads\/2021\/06\/reglamento-gaceta.pdf\">Normativa Reglamentaria de creaci\u00f3n de la Gaceta oficial<\/a><\/span><\/h4>\n<h4><span style=\"text-decoration: underline; color: #333399; font-family: 'Alegreya Sans'; font-weight: normal;\"><!-- \/wp:post-content --><\/span><\/h4>\n<\/li>\n \t<li>\n<h4><span style=\"text-decoration: underline; color: #333399; font-family: 'Alegreya Sans'; font-weight: normal;\"><!-- wp:paragraph --><\/span><span style=\"text-decoration: underline; color: #333399; font-family: 'Alegreya Sans'; font-weight: normal;\"><!-- wp:paragraph --><a style=\"color: #333399; text-decoration: underline;\" href=\"https:\/\/octaviocordero.gob.ec\/wp-content\/uploads\/2021\/03\/reglamento-de-sesiones.pdf\">Reglamento de sesiones de la Junta Parroquial de Octavio Cordero Palacios<\/a><\/span><\/h4>\n<\/li>\n \t<li>\n<h4><span style=\"text-decoration: underline; color: #333399; font-family: 'Alegreya Sans'; font-weight: normal;\"><!-- wp:paragraph --><a style=\"color: #333399; text-decoration: underline;\" href=\"https:\/\/octaviocordero.gob.ec\/wp-content\/uploads\/2021\/03\/Reglamento-talento-humano.pdf\">Reglamento interno de administraci\u00f3n de Talento Humano<\/a><\/span><\/h4>\n<h4><span style=\"text-decoration: underline; color: #333399; font-family: 'Alegreya Sans'; font-weight: normal;\"><!-- \/wp:paragraph --><\/span><\/h4>\n<h4><span style=\"text-decoration: underline; color: #333399; font-family: 'Alegreya Sans'; font-weight: normal;\"><!-- \/wp:paragraph --><\/span><\/h4>\n<\/li>\n \t<li>\n<h4><span style=\"text-decoration: underline; color: #333399; font-family: 'Alegreya Sans'; font-weight: normal;\"><!-- wp:paragraph --><a style=\"color: #333399; text-decoration: underline;\" href=\"https:\/\/octaviocordero.gob.ec\/wp-content\/uploads\/2021\/06\/REGLAMENTO-COLOCACION-DE-PARRILLAS.pdf\">Normativa que regula la gesti\u00f3n y manejo de desechos y residuos s\u00f3lidos en la parroquia Octavio Cordero<\/a><\/span><\/h4>\n<h4><span style=\"text-decoration: underline; color: #333399; font-family: 'Alegreya Sans'; font-weight: normal;\"><!-- \/wp:paragraph --><\/span><\/h4>\n<h4><span style=\"text-decoration: underline; color: #333399; font-family: 'Alegreya Sans'; font-weight: normal;\"><!-- \/wp:paragraph --><\/span><\/h4>\n<h4><span style=\"text-decoration: underline; color: #333399; font-family: 'Alegreya Sans'; font-weight: normal;\"><!-- \/wp:paragraph --><\/span><\/h4>\n<\/li>\n \t<li>\n<h4><span style=\"text-decoration: underline; color: #333399; font-family: 'Alegreya Sans'; font-weight: normal;\"><!-- wp:paragraph --><a style=\"color: #333399; text-decoration: underline;\" href=\"https:\/\/octaviocordero.gob.ec\/wp-content\/uploads\/2021\/06\/REGLAMENTO-PARA-ENTREGA-DE-DISTINTIVOS-O-CONDECORACIONES.pdf\">Reglamento para la entrega de distintivos o condecoraciones a los personajes m\u00e1s destacados de la parroquia<\/a><\/span><\/h4>\n<\/li>\n \t<li>\n<h4><span style=\"text-decoration: underline; color: #333399; font-family: 'Alegreya Sans'; font-weight: normal;\"><a style=\"color: #333399; text-decoration: underline;\" href=\"https:\/\/octaviocordero.gob.ec\/wp-content\/uploads\/2024\/01\/REGLAMENTO_Vehiculo.pdf\">Reglamento para la utilizaci\u00f3n, movilizaci\u00f3n y control de los veh\u00edculos contratados del Gobierno Aut\u00f3nomo Descentralizado Parroquial Rural de Octavio Cordero Palacios<\/a><\/span><\/h4>\n<\/li>\n \t<li>\n<h4><span style=\"text-decoration: underline; color: #333399; font-family: 'Alegreya Sans'; font-weight: normal;\"><a style=\"color: #333399; text-decoration: underline;\" href=\"https:\/\/octaviocordero.gob.ec\/wp-content\/uploads\/2024\/01\/REGLAMENTO_Silla_vacia.pdf\">Reglamento interno de participaci\u00f3n ciudadana para el uso de la silla vac\u00eda del Gobierno Aut\u00f3nomo Descentralizado Parroquial Rural de Octavio Cordero Palacios<\/a><\/span><\/h4>\n<\/li>\n \t<li>\n<h4><span style=\"text-decoration: underline; color: #333399; font-family: 'Alegreya Sans'; font-weight: normal;\"><a style=\"color: #333399; text-decoration: underline;\" href=\"https:\/\/octaviocordero.gob.ec\/wp-content\/uploads\/2024\/01\/REGLAMENTO_Retro.pdf\">Reglamento que regula la administraci\u00f3n, utilizaci\u00f3n, manejo y control de la retroexcavadora contratados del Gobierno Aut\u00f3nomo Descentralizado Parroquial Rural de Octavio Cordero Palacios<\/a><\/span><\/h4>\n<\/li>\n \t<li>\n<h4><span style=\"text-decoration: underline; color: #333399; font-family: 'Alegreya Sans'; font-weight: normal;\"><a style=\"color: #333399; text-decoration: underline;\" href=\"https:\/\/octaviocordero.gob.ec\/wp-content\/uploads\/2024\/01\/REGLAMENTO_Mercado.pdf\">Reglamento que regula las actividades comerciales que se desarrollan en el inmueble de uso m\u00faltiple contratados del Gobierno Aut\u00f3nomo Descentralizado Parroquial Rural de Octavio Cordero Palacios<\/a><\/span><\/h4>\n<\/li>\n \t<li>\n<h4><span style=\"text-decoration: underline; color: #333399; font-family: 'Alegreya Sans'; font-weight: normal;\"><a style=\"color: #333399; text-decoration: underline;\" href=\"https:\/\/octaviocordero.gob.ec\/wp-content\/uploads\/2024\/01\/REGLAMENTO_Cholita_Reina.pdf\">Reglamento para la elecci\u00f3n y programaci\u00f3n de la reina y su corte de honor de la parroquia Octavio Cordero Palacios<\/a><\/span><\/h4>\n<\/li>\n \t<li>\n<h4><span style=\"text-decoration: underline; color: #333399; font-family: 'Alegreya Sans'; font-weight: normal;\"><a style=\"color: #333399; text-decoration: underline;\" href=\"https:\/\/octaviocordero.gob.ec\/wp-content\/uploads\/2024\/01\/REGLAMENTO_Caja_chica.pdf\">Reglamento interno de administraci\u00f3n del fondo fijo de caja chica del Gobierno Aut\u00f3nomo Descentralizado Parroquial Rural de Octavio Cordero Palacios<\/a><\/span><\/h4>\n<\/li>\n \t<li>\n<h4><span style=\"text-decoration: underline; color: #333399; font-family: 'Alegreya Sans'; font-weight: normal;\"><a style=\"color: #333399; text-decoration: underline;\" href=\"https:\/\/octaviocordero.gob.ec\/wp-content\/uploads\/2024\/01\/REGLAMENTO_Cementerio.pdf\">Reglamento que regula el funcionamiento y administraci\u00f3n del cementerio central de la parroquia Octavio Cordero Palacios<\/a><\/span><\/h4>\n<\/li>\n<\/ul>\n<!-- \/wp:paragraph -->\n\n[\/et_pb_text][\/et_pb_column][\/et_pb_row][\/et_pb_section]\n\n<!-- wp:paragraph -->\n\n<!-- \/wp:paragraph -->","protected":false},"excerpt":{"rendered":"<p>[et_pb_section fb_built=&#8221;1&#8243; admin_label=&#8221;section&#8221; _builder_version=&#8221;3.22&#8243;][et_pb_row admin_label=&#8221;row&#8221; _builder_version=&#8221;3.25&#8243; background_size=&#8221;initial&#8221; background_position=&#8221;top_left&#8221; background_repeat=&#8221;repeat&#8221;][et_pb_column type=&#8221;4_4&#8243; _builder_version=&#8221;3.25&#8243; custom_padding=&#8221;|||&#8221; custom_padding__hover=&#8221;|||&#8221;][et_pb_post_title _builder_version=&#8221;4.7.0&#8243; _module_preset=&#8221;default&#8221; text_orientation=&#8221;center&#8221; title_text_color=&#8221;#468e0b&#8221; meta_text_color=&#8221;#c55f0d&#8221; hover_enabled=&#8221;0&#8243; sticky_enabled=&#8221;0&#8243;][\/et_pb_post_title][et_pb_text [&hellip;]<\/p>\n","protected":false},"author":1,"featured_media":0,"parent":0,"menu_order":0,"comment_status":"closed","ping_status":"closed","template":"","meta":{"site-sidebar-layout":"default","site-content-layout":"","ast-site-content-layout":"","site-content-style":"default","site-sidebar-style":"default","ast-global-header-display":"","ast-banner-title-visibility":"","ast-main-header-display":"","ast-hfb-above-header-display":"","ast-hfb-below-header-display":"","ast-hfb-mobile-header-display":"","site-post-title":"","ast-breadcrumbs-content":"","ast-featured-img":"","footer-sml-layout":"","theme-transparent-header-meta":"","adv-header-id-meta":"","stick-header-meta":"","header-above-stick-meta":"","header-main-stick-meta":"","header-below-stick-meta":"","astra-migrate-meta-layouts":"default","ast-page-background-enabled":"default","ast-page-background-meta":{"desktop":{"background-color":"var(--ast-global-color-4)","background-image":"","background-repeat":"repeat","background-position":"center center","background-size":"auto","background-attachment":"scroll","background-type":"","background-media":"","overlay-type":"","overlay-color":"","overlay-gradient":""},"tablet":{"background-color":"","background-image":"","background-repeat":"repeat","background-position":"center center","background-size":"auto","background-attachment":"scroll","background-type":"","background-media":"","overlay-type":"","overlay-color":"","overlay-gradient":""},"mobile":{"background-color":"","background-image":"","background-repeat":"repeat","background-position":"center center","background-size":"auto","background-attachment":"scroll","background-type":"","background-media":"","overlay-type":"","overlay-color":"","overlay-gradient":""}},"ast-content-background-meta":{"desktop":{"background-color":"var(--ast-global-color-5)","background-image":"","background-repeat":"repeat","background-position":"center center","background-size":"auto","background-attachment":"scroll","background-type":"","background-media":"","overlay-type":"","overlay-color":"","overlay-gradient":""},"tablet":{"background-color":"var(--ast-global-color-5)","background-image":"","background-repeat":"repeat","background-position":"center center","background-size":"auto","background-attachment":"scroll","background-type":"","background-media":"","overlay-type":"","overlay-color":"","overlay-gradient":""},"mobile":{"background-color":"var(--ast-global-color-5)","background-image":"","background-repeat":"repeat","background-position":"center center","background-size":"auto","background-attachment":"scroll","background-type":"","background-media":"","overlay-type":"","overlay-color":"","overlay-gradient":""}},"footnotes":""},"class_list":["post-759","page","type-page","status-publish","hentry"],"_links":{"self":[{"href":"https:\/\/octaviocordero.gob.ec\/index.php\/wp-json\/wp\/v2\/pages\/759","targetHints":{"allow":["GET"]}}],"collection":[{"href":"https:\/\/octaviocordero.gob.ec\/index.php\/wp-json\/wp\/v2\/pages"}],"about":[{"href":"https:\/\/octaviocordero.gob.ec\/index.php\/wp-json\/wp\/v2\/types\/page"}],"author":[{"embeddable":true,"href":"https:\/\/octaviocordero.gob.ec\/index.php\/wp-json\/wp\/v2\/users\/1"}],"replies":[{"embeddable":true,"href":"https:\/\/octaviocordero.gob.ec\/index.php\/wp-json\/wp\/v2\/comments?post=759"}],"version-history":[{"count":20,"href":"https:\/\/octaviocordero.gob.ec\/index.php\/wp-json\/wp\/v2\/pages\/759\/revisions"}],"predecessor-version":[{"id":2168,"href":"https:\/\/octaviocordero.gob.ec\/index.php\/wp-json\/wp\/v2\/pages\/759\/revisions\/2168"}],"wp:attachment":[{"href":"https:\/\/octaviocordero.gob.ec\/index.php\/wp-json\/wp\/v2\/media?parent=759"}],"curies":[{"name":"wp","href":"https:\/\/api.w.org\/{rel}","templated":true}]}}