{"id":3139,"date":"2024-05-29T15:58:05","date_gmt":"2024-05-29T15:58:05","guid":{"rendered":"https:\/\/octaviocordero.gob.ec\/?page_id=3139"},"modified":"2024-05-29T17:11:18","modified_gmt":"2024-05-29T17:11:18","slug":"cementerio-parroquial-new","status":"publish","type":"page","link":"https:\/\/octaviocordero.gob.ec\/index.php\/cementerio-parroquial-new\/","title":{"rendered":"Cementerio Parroquial-new"},"content":{"rendered":"\t\t<div data-elementor-type=\"wp-page\" data-elementor-id=\"3139\" class=\"elementor elementor-3139\" data-elementor-post-type=\"page\">\n\t\t\t\t<div class=\"elementor-element elementor-element-50cd494 e-flex e-con-boxed e-con e-parent\" data-id=\"50cd494\" data-element_type=\"container\" data-settings=\"{&quot;background_background&quot;:&quot;classic&quot;,&quot;shape_divider_bottom&quot;:&quot;triangle-asymmetrical&quot;,&quot;shape_divider_bottom_negative&quot;:&quot;yes&quot;}\">\n\t\t\t\t\t<div class=\"e-con-inner\">\n\t\t\t\t<div class=\"elementor-shape elementor-shape-bottom\" data-negative=\"true\">\n\t\t\t<svg xmlns=\"http:\/\/www.w3.org\/2000\/svg\" viewBox=\"0 0 1000 100\" preserveAspectRatio=\"none\">\n\t<path class=\"elementor-shape-fill\" d=\"M737.9,94.7L0,0v100h1000V0L737.9,94.7z\"\/>\n<\/svg>\t\t<\/div>\n\t\t\t\t<div class=\"elementor-element elementor-element-af8033f elementor-widget elementor-widget-heading\" data-id=\"af8033f\" data-element_type=\"widget\" data-widget_type=\"heading.default\">\n\t\t\t\t<div class=\"elementor-widget-container\">\n\t\t\t<style>\/*! elementor - v3.21.0 - 20-05-2024 *\/\n.elementor-heading-title{padding:0;margin:0;line-height:1}.elementor-widget-heading .elementor-heading-title[class*=elementor-size-]>a{color:inherit;font-size:inherit;line-height:inherit}.elementor-widget-heading .elementor-heading-title.elementor-size-small{font-size:15px}.elementor-widget-heading .elementor-heading-title.elementor-size-medium{font-size:19px}.elementor-widget-heading .elementor-heading-title.elementor-size-large{font-size:29px}.elementor-widget-heading .elementor-heading-title.elementor-size-xl{font-size:39px}.elementor-widget-heading .elementor-heading-title.elementor-size-xxl{font-size:59px}<\/style><h2 class=\"elementor-heading-title elementor-size-default\">ADMINISTRACI\u00d3N 2023-2027<\/h2>\t\t<\/div>\n\t\t\t\t<\/div>\n\t\t\t\t<div class=\"elementor-element elementor-element-9a7e98e elementor-widget elementor-widget-heading\" data-id=\"9a7e98e\" data-element_type=\"widget\" data-widget_type=\"heading.default\">\n\t\t\t\t<div class=\"elementor-widget-container\">\n\t\t\t<h2 class=\"elementor-heading-title elementor-size-default\"><h1 style=\"margin-bottom: 0px; padding-bottom: 10px; font-size: 68px; text-size-adjust: 100%; background-image: initial; background-position: initial; background-size: initial; background-repeat: initial; background-attachment: initial; background-origin: initial; background-clip: initial; line-height: 1.1em; font-weight: 500; font-family: &quot;Cormorant Garamond&quot;, Georgia, &quot;Times New Roman&quot;, serif; font-style: normal; white-space-collapse: collapse; color: rgb(255, 255, 255) !important;\"><span style=\"margin: 0px; padding: 0px; border: 0px; outline: 0px; text-size-adjust: 100%; vertical-align: baseline; background: transparent; font-family: Chivo;\">Cementerio Parroquial<\/span><\/h1><\/h2>\t\t<\/div>\n\t\t\t\t<\/div>\n\t\t\t\t\t<\/div>\n\t\t\t\t<\/div>\n\t\t<div class=\"elementor-element elementor-element-9fdca9d e-flex e-con-boxed e-con e-parent\" data-id=\"9fdca9d\" data-element_type=\"container\" data-settings=\"{&quot;background_background&quot;:&quot;classic&quot;}\">\n\t\t\t\t\t<div class=\"e-con-inner\">\n\t\t<div class=\"elementor-element elementor-element-0548f0d e-con-full e-flex e-con e-child\" data-id=\"0548f0d\" data-element_type=\"container\" data-settings=\"{&quot;background_background&quot;:&quot;classic&quot;}\">\n\t\t\t\t<div class=\"elementor-element elementor-element-2719177 elementor-widget elementor-widget-heading\" data-id=\"2719177\" data-element_type=\"widget\" data-widget_type=\"heading.default\">\n\t\t\t\t<div class=\"elementor-widget-container\">\n\t\t\t<h2 class=\"elementor-heading-title elementor-size-default\">Servicios<\/h2>\t\t<\/div>\n\t\t\t\t<\/div>\n\t\t\t\t<div class=\"elementor-element elementor-element-eb2f4c8 elementor-view-default elementor-widget elementor-widget-icon\" data-id=\"eb2f4c8\" data-element_type=\"widget\" data-widget_type=\"icon.default\">\n\t\t\t\t<div class=\"elementor-widget-container\">\n\t\t\t\t\t<div class=\"elementor-icon-wrapper\">\n\t\t\t<div class=\"elementor-icon\">\n\t\t\t<svg aria-hidden=\"true\" class=\"e-font-icon-svg e-fas-hands-helping\" viewBox=\"0 0 640 512\" xmlns=\"http:\/\/www.w3.org\/2000\/svg\"><path d=\"M488 192H336v56c0 39.7-32.3 72-72 72s-72-32.3-72-72V126.4l-64.9 39C107.8 176.9 96 197.8 96 220.2v47.3l-80 46.2C.7 322.5-4.6 342.1 4.3 357.4l80 138.6c8.8 15.3 28.4 20.5 43.7 11.7L231.4 448H368c35.3 0 64-28.7 64-64h16c17.7 0 32-14.3 32-32v-64h8c13.3 0 24-10.7 24-24v-48c0-13.3-10.7-24-24-24zm147.7-37.4L555.7 16C546.9.7 527.3-4.5 512 4.3L408.6 64H306.4c-12 0-23.7 3.4-33.9 9.7L239 94.6c-9.4 5.8-15 16.1-15 27.1V248c0 22.1 17.9 40 40 40s40-17.9 40-40v-88h184c30.9 0 56 25.1 56 56v28.5l80-46.2c15.3-8.9 20.5-28.4 11.7-43.7z\"><\/path><\/svg>\t\t\t<\/div>\n\t\t<\/div>\n\t\t\t\t<\/div>\n\t\t\t\t<\/div>\n\t\t<div class=\"elementor-element elementor-element-134448c e-flex e-con-boxed e-con e-child\" data-id=\"134448c\" data-element_type=\"container\">\n\t\t\t\t\t<div class=\"e-con-inner\">\n\t\t\t\t<div class=\"elementor-element elementor-element-580517f elementor-widget elementor-widget-text-editor\" data-id=\"580517f\" data-element_type=\"widget\" data-widget_type=\"text-editor.default\">\n\t\t\t\t<div class=\"elementor-widget-container\">\n\t\t\t<style>\/*! elementor - v3.21.0 - 20-05-2024 *\/\n.elementor-widget-text-editor.elementor-drop-cap-view-stacked .elementor-drop-cap{background-color:#69727d;color:#fff}.elementor-widget-text-editor.elementor-drop-cap-view-framed .elementor-drop-cap{color:#69727d;border:3px solid;background-color:transparent}.elementor-widget-text-editor:not(.elementor-drop-cap-view-default) .elementor-drop-cap{margin-top:8px}.elementor-widget-text-editor:not(.elementor-drop-cap-view-default) .elementor-drop-cap-letter{width:1em;height:1em}.elementor-widget-text-editor .elementor-drop-cap{float:left;text-align:center;line-height:1;font-size:50px}.elementor-widget-text-editor .elementor-drop-cap-letter{display:inline-block}<\/style>\t\t\t\t<ul><li><span style=\"font-weight: 400;\">Inhumaci\u00f3n en b\u00f3vedas nichos o mausoleos de cad\u00e1veres de adultos, ni\u00f1os, cenizas humanas, restos humanos, mortinatos, piezas anat\u00f3micas u osamentas humanas, y de restos humanos; y, reutilizaci\u00f3n de unidades de enterramiento;<\/span><\/li><li><span style=\"font-weight: 400;\">Exhumaciones de cad\u00e1veres, restos y cenizas humanas;<\/span><\/li><li><span style=\"font-weight: 400;\">Servicio de utilizaci\u00f3n indefinida de b\u00f3vedas o nichos.<\/span><\/li><\/ul>\t\t\t\t\t\t<\/div>\n\t\t\t\t<\/div>\n\t\t\t\t\t<\/div>\n\t\t\t\t<\/div>\n\t\t\t\t<\/div>\n\t\t<div class=\"elementor-element elementor-element-4eb672e e-con-full e-flex e-con e-child\" data-id=\"4eb672e\" data-element_type=\"container\" data-settings=\"{&quot;background_background&quot;:&quot;classic&quot;}\">\n\t\t\t\t<div class=\"elementor-element elementor-element-bec2c25 elementor-widget elementor-widget-heading\" data-id=\"bec2c25\" data-element_type=\"widget\" data-widget_type=\"heading.default\">\n\t\t\t\t<div class=\"elementor-widget-container\">\n\t\t\t<h2 class=\"elementor-heading-title elementor-size-default\">Documentos necesarios <\/h2>\t\t<\/div>\n\t\t\t\t<\/div>\n\t\t\t\t<div class=\"elementor-element elementor-element-5f8c7c2 elementor-view-default elementor-widget elementor-widget-icon\" data-id=\"5f8c7c2\" data-element_type=\"widget\" data-widget_type=\"icon.default\">\n\t\t\t\t<div class=\"elementor-widget-container\">\n\t\t\t\t\t<div class=\"elementor-icon-wrapper\">\n\t\t\t<div class=\"elementor-icon\">\n\t\t\t<svg aria-hidden=\"true\" class=\"e-font-icon-svg e-fas-newspaper\" viewBox=\"0 0 576 512\" xmlns=\"http:\/\/www.w3.org\/2000\/svg\"><path d=\"M552 64H88c-13.255 0-24 10.745-24 24v8H24c-13.255 0-24 10.745-24 24v272c0 30.928 25.072 56 56 56h472c26.51 0 48-21.49 48-48V88c0-13.255-10.745-24-24-24zM56 400a8 8 0 0 1-8-8V144h16v248a8 8 0 0 1-8 8zm236-16H140c-6.627 0-12-5.373-12-12v-8c0-6.627 5.373-12 12-12h152c6.627 0 12 5.373 12 12v8c0 6.627-5.373 12-12 12zm208 0H348c-6.627 0-12-5.373-12-12v-8c0-6.627 5.373-12 12-12h152c6.627 0 12 5.373 12 12v8c0 6.627-5.373 12-12 12zm-208-96H140c-6.627 0-12-5.373-12-12v-8c0-6.627 5.373-12 12-12h152c6.627 0 12 5.373 12 12v8c0 6.627-5.373 12-12 12zm208 0H348c-6.627 0-12-5.373-12-12v-8c0-6.627 5.373-12 12-12h152c6.627 0 12 5.373 12 12v8c0 6.627-5.373 12-12 12zm0-96H140c-6.627 0-12-5.373-12-12v-40c0-6.627 5.373-12 12-12h360c6.627 0 12 5.373 12 12v40c0 6.627-5.373 12-12 12z\"><\/path><\/svg>\t\t\t<\/div>\n\t\t<\/div>\n\t\t\t\t<\/div>\n\t\t\t\t<\/div>\n\t\t<div class=\"elementor-element elementor-element-cc67967 e-flex e-con-boxed e-con e-child\" data-id=\"cc67967\" data-element_type=\"container\">\n\t\t\t\t\t<div class=\"e-con-inner\">\n\t\t\t\t<div class=\"elementor-element elementor-element-2ad2ede elementor-widget elementor-widget-text-editor\" data-id=\"2ad2ede\" data-element_type=\"widget\" data-widget_type=\"text-editor.default\">\n\t\t\t\t<div class=\"elementor-widget-container\">\n\t\t\t\t\t\t\t<ul><li><span style=\"font-weight: 400;\">Solicitud del servicio requerido\u00a0<\/span><\/li><li><span style=\"font-weight: 400;\">Copia de c\u00e9dula del difundo<\/span><\/li><li><span style=\"font-weight: 400;\">Copia de c\u00e9dula de la persona que va a realizar el tramite\u00a0<\/span><\/li><li><span style=\"font-weight: 400;\">Certificado del INEC<\/span><\/li><li><span style=\"font-weight: 400;\">Certificado de defunci\u00f3n emitido por el Registro Civil<\/span><\/li><li><span style=\"font-weight: 400;\">Documentaci\u00f3n referente al traslado en el caso de ser de otra ciudad, cant\u00f3n, provincia, o pa\u00eds.<\/span><\/li><\/ul>\t\t\t\t\t\t<\/div>\n\t\t\t\t<\/div>\n\t\t\t\t\t<\/div>\n\t\t\t\t<\/div>\n\t\t\t\t<\/div>\n\t\t\t\t\t<\/div>\n\t\t\t\t<\/div>\n\t\t<div class=\"elementor-element elementor-element-755a832 e-flex e-con-boxed e-con e-parent\" data-id=\"755a832\" data-element_type=\"container\" data-settings=\"{&quot;background_background&quot;:&quot;classic&quot;}\">\n\t\t\t\t\t<div class=\"e-con-inner\">\n\t\t<div class=\"elementor-element elementor-element-9fe622d e-con-full e-flex e-con e-child\" data-id=\"9fe622d\" data-element_type=\"container\" data-settings=\"{&quot;background_background&quot;:&quot;classic&quot;}\">\n\t\t\t\t<div class=\"elementor-element elementor-element-c9a6c84 elementor-widget elementor-widget-heading\" data-id=\"c9a6c84\" data-element_type=\"widget\" data-widget_type=\"heading.default\">\n\t\t\t\t<div class=\"elementor-widget-container\">\n\t\t\t<h2 class=\"elementor-heading-title elementor-size-default\">Costos<\/h2>\t\t<\/div>\n\t\t\t\t<\/div>\n\t\t\t\t<div class=\"elementor-element elementor-element-693b290 elementor-view-default elementor-widget elementor-widget-icon\" data-id=\"693b290\" data-element_type=\"widget\" data-widget_type=\"icon.default\">\n\t\t\t\t<div class=\"elementor-widget-container\">\n\t\t\t\t\t<div class=\"elementor-icon-wrapper\">\n\t\t\t<div class=\"elementor-icon\">\n\t\t\t<svg aria-hidden=\"true\" class=\"e-font-icon-svg e-fas-money-check-alt\" viewBox=\"0 0 640 512\" xmlns=\"http:\/\/www.w3.org\/2000\/svg\"><path d=\"M608 32H32C14.33 32 0 46.33 0 64v384c0 17.67 14.33 32 32 32h576c17.67 0 32-14.33 32-32V64c0-17.67-14.33-32-32-32zM176 327.88V344c0 4.42-3.58 8-8 8h-16c-4.42 0-8-3.58-8-8v-16.29c-11.29-.58-22.27-4.52-31.37-11.35-3.9-2.93-4.1-8.77-.57-12.14l11.75-11.21c2.77-2.64 6.89-2.76 10.13-.73 3.87 2.42 8.26 3.72 12.82 3.72h28.11c6.5 0 11.8-5.92 11.8-13.19 0-5.95-3.61-11.19-8.77-12.73l-45-13.5c-18.59-5.58-31.58-23.42-31.58-43.39 0-24.52 19.05-44.44 42.67-45.07V152c0-4.42 3.58-8 8-8h16c4.42 0 8 3.58 8 8v16.29c11.29.58 22.27 4.51 31.37 11.35 3.9 2.93 4.1 8.77.57 12.14l-11.75 11.21c-2.77 2.64-6.89 2.76-10.13.73-3.87-2.43-8.26-3.72-12.82-3.72h-28.11c-6.5 0-11.8 5.92-11.8 13.19 0 5.95 3.61 11.19 8.77 12.73l45 13.5c18.59 5.58 31.58 23.42 31.58 43.39 0 24.53-19.05 44.44-42.67 45.07zM416 312c0 4.42-3.58 8-8 8H296c-4.42 0-8-3.58-8-8v-16c0-4.42 3.58-8 8-8h112c4.42 0 8 3.58 8 8v16zm160 0c0 4.42-3.58 8-8 8h-80c-4.42 0-8-3.58-8-8v-16c0-4.42 3.58-8 8-8h80c4.42 0 8 3.58 8 8v16zm0-96c0 4.42-3.58 8-8 8H296c-4.42 0-8-3.58-8-8v-16c0-4.42 3.58-8 8-8h272c4.42 0 8 3.58 8 8v16z\"><\/path><\/svg>\t\t\t<\/div>\n\t\t<\/div>\n\t\t\t\t<\/div>\n\t\t\t\t<\/div>\n\t\t<div class=\"elementor-element elementor-element-df73371 e-flex e-con-boxed e-con e-child\" data-id=\"df73371\" data-element_type=\"container\">\n\t\t\t\t\t<div class=\"e-con-inner\">\n\t\t\t\t<div class=\"elementor-element elementor-element-64fb3ae elementor-widget elementor-widget-text-editor\" data-id=\"64fb3ae\" data-element_type=\"widget\" data-widget_type=\"text-editor.default\">\n\t\t\t\t<div class=\"elementor-widget-container\">\n\t\t\t\t\t\t\t<p><span style=\"font-weight: 400;\">a.-Uso de b\u00f3veda para adultos, por cuatro a\u00f1os:\u00a0 $ 60.00 (SESENTA CON 00\/100 DOLARES AMERICANOS).<\/span><\/p><p><span style=\"font-weight: 400;\">b.-Renovaci\u00f3n \u00fanica del derecho de uso de b\u00f3veda para adultos por cuatro a\u00f1os: $60,00 (SESENTA CON 00\/100 DOLARES AMERICANOS).<\/span><\/p><p><span style=\"font-weight: 400;\">c.-Transcurridos los ocho a\u00f1os de plazo el representante y\/o usuario de b\u00f3vedas podr\u00e1n:<\/span><\/p><ul><li style=\"list-style-type: none;\"><ul><li><span style=\"font-weight: 400;\">Solicitar el uso de nicho por cuatro a\u00f1os no renovables por un \u00a0 valor\u00a0 \u00a0 de\u00a0 \u00a0 $60,00 (SESENTA\u00a0 \u00a0 CON \u00a0 00\/ 100\u00a0 \u00a0 DOLARES AMERICANOS). Los\u00a0 \u00a0 restos\u00a0 \u00a0 humanos\u00a0 \u00a0 ser\u00e1n\u00a0 \u00a0 depositados\u00a0 \u00a0 en \u00a0 el\u00a0 \u00a0 osario cancelando un valor de $40,00.<\/span><\/li><li><span style=\"font-weight: 400;\">Compra indefinida de un nicho.<\/span><\/li><\/ul><\/li><\/ul><p><span style=\"font-weight: 400;\">d.-Utilizaci\u00f3n indefinida de b\u00f3vedas por un valor de $800,00 00 (OCHOCIENTOS CON 00\/100 DOLARES DE LOS ESTADOS UNIDOS DE AMERICA).\u00a0 La m\u00e1xima Autoridad del GAD Parroquial, podr\u00e1 \u00a0 autorizar formas de pago para que los deudos cancelen el valor establecido a trav\u00e9s de dividendos hasta un plazo m\u00e1ximo de seis meses, para cual se suscribir\u00e1 el convenio de \u00a0 pago \u00a0 correspondiente, determinando los montos y el plazo para su vencimiento.<\/span><\/p><p><span style=\"font-weight: 400;\">e.-Compra indefinida de un nicho por un valor de $ 500,00 (QUINIENTOS CON 00\/100 DOLARES DE LOS ESTADOS UNIDOS DE AMERICA).\u00a0 La m\u00e1xima Autoridad del GAD Parroquial, podr\u00e1 autorizar formas de pago para que los deudos cancelen el valor establecido a trav\u00e9s de dividendos hasta un plazo m\u00e1ximo de cuatro meses, para cual se suscribir\u00e1 el convenio de pago correspondiente, determinando los montos y el plazo para su vencimiento, sin perjuicio de que el plazo sea un plazo m\u00e1ximo de seis meses siempre que la compra sea de dos o m\u00e1s nichos.<\/span><\/p><p><span style=\"font-weight: 400;\">f.-Uso de nichos para ni\u00f1os por un periodo de cuatro a\u00f1os: $60 (SESENTA CON 00\/100 DOLARES AMERICANOS).<\/span><\/p><p><span style=\"font-weight: 400;\">g.-Tasa de inhumaci\u00f3n:\u00a0 $30,00 (TREINTA CON\u00a0 00\/100 DOLARES DE LOS ESTADOS UNIDOS DE AMERICA)<\/span><\/p><p><span style=\"font-weight: 400;\">h.-Tasa de Exhumaci\u00f3n:\u00a0 $30,00 (TREINTA CON\u00a0 00\/100 DOLARES DE \u00a0 LOS ESTADOS UNIDOS DE AMERICA)<\/span><\/p><p><span style=\"font-weight: 400;\">i.-Tasa anual por mantenimiento de b\u00f3veda:\u00a0 $15,00 (QUINCE CON 00\/100 DOLARES DE LOS ESTADOS UNIDOS DE AMERICA) por cada b\u00f3veda<\/span><\/p><p><span style=\"font-weight: 400;\">j.-Tasa \u00a0 anual \u00a0 por mantenimiento de nichos: \u00a0 $10,00 (DIEZ \u00a0 CON\u00a0 00\/100 DOLARES DE LOS ESTADOS UNIDOS DE AMERICA) por cada nicho.<\/span><\/p><p><span style=\"font-weight: 400;\">k.-Tasa anual por mantenimiento de tumbas en tierra:\u00a0 $10,00 (DIEZ CON 00\/100 DOLARES DE LOS ESTADOS UNIDOS DE AMERICA)<\/span><\/p><p><span style=\"font-weight: 400;\">l.-Permiso para colocaci\u00f3n de L\u00e1pidas: $10,00 (DIEZ CON 00\/100 DOLARES DE LOS ESTADOS UNIDOS DE AMERICA)<\/span><\/p>\t\t\t\t\t\t<\/div>\n\t\t\t\t<\/div>\n\t\t\t\t\t<\/div>\n\t\t\t\t<\/div>\n\t\t\t\t<\/div>\n\t\t\t\t\t<\/div>\n\t\t\t\t<\/div>\n\t\t<div class=\"elementor-element elementor-element-841fcc4 e-flex e-con-boxed e-con e-parent\" data-id=\"841fcc4\" data-element_type=\"container\">\n\t\t\t\t\t<div class=\"e-con-inner\">\n\t\t\t\t\t<\/div>\n\t\t\t\t<\/div>\n\t\t\t\t<\/div>\n\t\t","protected":false},"excerpt":{"rendered":"<p>ADMINISTRACI\u00d3N 2023-2027 Cementerio Parroquial Servicios Inhumaci\u00f3n en b\u00f3vedas nichos o mausoleos de cad\u00e1veres de adultos, ni\u00f1os, cenizas humanas, restos humanos, [&hellip;]<\/p>\n","protected":false},"author":1,"featured_media":0,"parent":0,"menu_order":0,"comment_status":"closed","ping_status":"closed","template":"","meta":{"site-sidebar-layout":"no-sidebar","site-content-layout":"","ast-site-content-layout":"full-width-container","site-content-style":"default","site-sidebar-style":"default","ast-global-header-display":"","ast-banner-title-visibility":"","ast-main-header-display":"","ast-hfb-above-header-display":"","ast-hfb-below-header-display":"","ast-hfb-mobile-header-display":"","site-post-title":"disabled","ast-breadcrumbs-content":"","ast-featured-img":"disabled","footer-sml-layout":"","theme-transparent-header-meta":"","adv-header-id-meta":"","stick-header-meta":"","header-above-stick-meta":"","header-main-stick-meta":"","header-below-stick-meta":"","astra-migrate-meta-layouts":"default","ast-page-background-enabled":"default","ast-page-background-meta":{"desktop":{"background-color":"var(--ast-global-color-4)","background-image":"","background-repeat":"repeat","background-position":"center center","background-size":"auto","background-attachment":"scroll","background-type":"","background-media":"","overlay-type":"","overlay-color":"","overlay-gradient":""},"tablet":{"background-color":"","background-image":"","background-repeat":"repeat","background-position":"center center","background-size":"auto","background-attachment":"scroll","background-type":"","background-media":"","overlay-type":"","overlay-color":"","overlay-gradient":""},"mobile":{"background-color":"","background-image":"","background-repeat":"repeat","background-position":"center center","background-size":"auto","background-attachment":"scroll","background-type":"","background-media":"","overlay-type":"","overlay-color":"","overlay-gradient":""}},"ast-content-background-meta":{"desktop":{"background-color":"var(--ast-global-color-5)","background-image":"","background-repeat":"repeat","background-position":"center center","background-size":"auto","background-attachment":"scroll","background-type":"","background-media":"","overlay-type":"","overlay-color":"","overlay-gradient":""},"tablet":{"background-color":"var(--ast-global-color-5)","background-image":"","background-repeat":"repeat","background-position":"center center","background-size":"auto","background-attachment":"scroll","background-type":"","background-media":"","overlay-type":"","overlay-color":"","overlay-gradient":""},"mobile":{"background-color":"var(--ast-global-color-5)","background-image":"","background-repeat":"repeat","background-position":"center center","background-size":"auto","background-attachment":"scroll","background-type":"","background-media":"","overlay-type":"","overlay-color":"","overlay-gradient":""}},"footnotes":""},"class_list":["post-3139","page","type-page","status-publish","hentry"],"_links":{"self":[{"href":"https:\/\/octaviocordero.gob.ec\/index.php\/wp-json\/wp\/v2\/pages\/3139","targetHints":{"allow":["GET"]}}],"collection":[{"href":"https:\/\/octaviocordero.gob.ec\/index.php\/wp-json\/wp\/v2\/pages"}],"about":[{"href":"https:\/\/octaviocordero.gob.ec\/index.php\/wp-json\/wp\/v2\/types\/page"}],"author":[{"embeddable":true,"href":"https:\/\/octaviocordero.gob.ec\/index.php\/wp-json\/wp\/v2\/users\/1"}],"replies":[{"embeddable":true,"href":"https:\/\/octaviocordero.gob.ec\/index.php\/wp-json\/wp\/v2\/comments?post=3139"}],"version-history":[{"count":7,"href":"https:\/\/octaviocordero.gob.ec\/index.php\/wp-json\/wp\/v2\/pages\/3139\/revisions"}],"predecessor-version":[{"id":3227,"href":"https:\/\/octaviocordero.gob.ec\/index.php\/wp-json\/wp\/v2\/pages\/3139\/revisions\/3227"}],"wp:attachment":[{"href":"https:\/\/octaviocordero.gob.ec\/index.php\/wp-json\/wp\/v2\/media?parent=3139"}],"curies":[{"name":"wp","href":"https:\/\/api.w.org\/{rel}","templated":true}]}}