{"id":2687,"date":"2024-05-23T20:04:18","date_gmt":"2024-05-23T20:04:18","guid":{"rendered":"https:\/\/octaviocordero.gob.ec\/?page_id=2687"},"modified":"2024-05-29T20:25:57","modified_gmt":"2024-05-29T20:25:57","slug":"autoridades-new","status":"publish","type":"page","link":"https:\/\/octaviocordero.gob.ec\/index.php\/autoridades-new\/","title":{"rendered":"Autoridades New"},"content":{"rendered":"\t\t<div data-elementor-type=\"wp-page\" data-elementor-id=\"2687\" class=\"elementor elementor-2687\" data-elementor-post-type=\"page\">\n\t\t\t\t<div class=\"elementor-element elementor-element-c4833a5 e-flex e-con-boxed e-con e-parent\" data-id=\"c4833a5\" data-element_type=\"container\" data-settings=\"{&quot;background_background&quot;:&quot;classic&quot;,&quot;shape_divider_bottom&quot;:&quot;triangle-asymmetrical&quot;,&quot;shape_divider_bottom_negative&quot;:&quot;yes&quot;}\">\n\t\t\t\t\t<div class=\"e-con-inner\">\n\t\t\t\t<div class=\"elementor-shape elementor-shape-bottom\" data-negative=\"true\">\n\t\t\t<svg xmlns=\"http:\/\/www.w3.org\/2000\/svg\" viewBox=\"0 0 1000 100\" preserveAspectRatio=\"none\">\n\t<path class=\"elementor-shape-fill\" d=\"M737.9,94.7L0,0v100h1000V0L737.9,94.7z\"\/>\n<\/svg>\t\t<\/div>\n\t\t\t\t<div class=\"elementor-element elementor-element-2f8c45a elementor-widget elementor-widget-heading\" data-id=\"2f8c45a\" data-element_type=\"widget\" data-widget_type=\"heading.default\">\n\t\t\t\t<div class=\"elementor-widget-container\">\n\t\t\t<style>\/*! elementor - v3.21.0 - 20-05-2024 *\/\n.elementor-heading-title{padding:0;margin:0;line-height:1}.elementor-widget-heading .elementor-heading-title[class*=elementor-size-]>a{color:inherit;font-size:inherit;line-height:inherit}.elementor-widget-heading .elementor-heading-title.elementor-size-small{font-size:15px}.elementor-widget-heading .elementor-heading-title.elementor-size-medium{font-size:19px}.elementor-widget-heading .elementor-heading-title.elementor-size-large{font-size:29px}.elementor-widget-heading .elementor-heading-title.elementor-size-xl{font-size:39px}.elementor-widget-heading .elementor-heading-title.elementor-size-xxl{font-size:59px}<\/style><h2 class=\"elementor-heading-title elementor-size-default\">ADMINISTRACI\u00d3N 2023 - 2027<\/h2>\t\t<\/div>\n\t\t\t\t<\/div>\n\t\t\t\t<div class=\"elementor-element elementor-element-1dd399e elementor-widget elementor-widget-heading\" data-id=\"1dd399e\" data-element_type=\"widget\" data-widget_type=\"heading.default\">\n\t\t\t\t<div class=\"elementor-widget-container\">\n\t\t\t<h2 class=\"elementor-heading-title elementor-size-default\"><h1 style=\"margin-bottom: 0px; padding-bottom: 10px; font-size: 68px; text-size-adjust: 100%; background-image: initial; background-position: initial; background-size: initial; background-repeat: initial; background-attachment: initial; background-origin: initial; background-clip: initial; line-height: 1.1em; font-weight: 500; font-family: &quot;Cormorant Garamond&quot;, Georgia, &quot;Times New Roman&quot;, serif; font-style: normal; white-space-collapse: collapse; color: rgb(255, 255, 255) !important;\"><span style=\"margin: 0px; padding: 0px; border: 0px; outline: 0px; text-size-adjust: 100%; vertical-align: baseline; background: transparent; font-family: Chivo;\">Autoridades<\/span><\/h1><\/h2>\t\t<\/div>\n\t\t\t\t<\/div>\n\t\t\t\t\t<\/div>\n\t\t\t\t<\/div>\n\t\t<div class=\"elementor-element elementor-element-7c067b2 e-flex e-con-boxed e-con e-parent\" data-id=\"7c067b2\" data-element_type=\"container\">\n\t\t\t\t\t<div class=\"e-con-inner\">\n\t\t<div class=\"elementor-element elementor-element-6497503 e-con-full e-flex e-con e-child\" data-id=\"6497503\" data-element_type=\"container\">\n\t\t\t\t<div class=\"elementor-element elementor-element-7042c65 elementor-widget elementor-widget-image\" data-id=\"7042c65\" data-element_type=\"widget\" data-widget_type=\"image.default\">\n\t\t\t\t<div class=\"elementor-widget-container\">\n\t\t\t<style>\/*! elementor - v3.21.0 - 20-05-2024 *\/\n.elementor-widget-image{text-align:center}.elementor-widget-image a{display:inline-block}.elementor-widget-image a img[src$=\".svg\"]{width:48px}.elementor-widget-image img{vertical-align:middle;display:inline-block}<\/style>\t\t\t\t\t\t\t\t\t\t<img fetchpriority=\"high\" decoding=\"async\" width=\"789\" height=\"1024\" src=\"https:\/\/octaviocordero.gob.ec\/wp-content\/uploads\/2024\/05\/329925011_721817169394287_7096906151662418907_n-789x1024.jpg\" class=\"attachment-large size-large wp-image-2737\" alt=\"\" srcset=\"https:\/\/octaviocordero.gob.ec\/wp-content\/uploads\/2024\/05\/329925011_721817169394287_7096906151662418907_n-789x1024.jpg 789w, https:\/\/octaviocordero.gob.ec\/wp-content\/uploads\/2024\/05\/329925011_721817169394287_7096906151662418907_n-231x300.jpg 231w, https:\/\/octaviocordero.gob.ec\/wp-content\/uploads\/2024\/05\/329925011_721817169394287_7096906151662418907_n-768x997.jpg 768w, https:\/\/octaviocordero.gob.ec\/wp-content\/uploads\/2024\/05\/329925011_721817169394287_7096906151662418907_n-1183x1536.jpg 1183w, https:\/\/octaviocordero.gob.ec\/wp-content\/uploads\/2024\/05\/329925011_721817169394287_7096906151662418907_n.jpg 1577w\" sizes=\"(max-width: 789px) 100vw, 789px\" \/>\t\t\t\t\t\t\t\t\t\t\t\t\t<\/div>\n\t\t\t\t<\/div>\n\t\t\t\t<\/div>\n\t\t<div class=\"elementor-element elementor-element-792bd79 e-con-full e-flex e-con e-child\" data-id=\"792bd79\" data-element_type=\"container\">\n\t\t\t\t<div class=\"elementor-element elementor-element-cd7a82d elementor-widget elementor-widget-heading\" data-id=\"cd7a82d\" data-element_type=\"widget\" data-widget_type=\"heading.default\">\n\t\t\t\t<div class=\"elementor-widget-container\">\n\t\t\t<h2 class=\"elementor-heading-title elementor-size-default\">Msc. Edgar Fabi\u00e1n Pineda Sinchi<\/h2>\t\t<\/div>\n\t\t\t\t<\/div>\n\t\t\t\t<div class=\"elementor-element elementor-element-56cb855 elementor-widget elementor-widget-text-editor\" data-id=\"56cb855\" data-element_type=\"widget\" data-widget_type=\"text-editor.default\">\n\t\t\t\t<div class=\"elementor-widget-container\">\n\t\t\t<style>\/*! elementor - v3.21.0 - 20-05-2024 *\/\n.elementor-widget-text-editor.elementor-drop-cap-view-stacked .elementor-drop-cap{background-color:#69727d;color:#fff}.elementor-widget-text-editor.elementor-drop-cap-view-framed .elementor-drop-cap{color:#69727d;border:3px solid;background-color:transparent}.elementor-widget-text-editor:not(.elementor-drop-cap-view-default) .elementor-drop-cap{margin-top:8px}.elementor-widget-text-editor:not(.elementor-drop-cap-view-default) .elementor-drop-cap-letter{width:1em;height:1em}.elementor-widget-text-editor .elementor-drop-cap{float:left;text-align:center;line-height:1;font-size:50px}.elementor-widget-text-editor .elementor-drop-cap-letter{display:inline-block}<\/style>\t\t\t\t<p>PRESIDENTE<\/p>\t\t\t\t\t\t<\/div>\n\t\t\t\t<\/div>\n\t\t\t\t<div class=\"elementor-element elementor-element-0c4065a elementor-widget elementor-widget-text-editor\" data-id=\"0c4065a\" data-element_type=\"widget\" data-widget_type=\"text-editor.default\">\n\t\t\t\t<div class=\"elementor-widget-container\">\n\t\t\t\t\t\t\t<p>ADMINISTRACI\u00d3N 2023- 2027<br><\/p>\t\t\t\t\t\t<\/div>\n\t\t\t\t<\/div>\n\t\t\t\t<\/div>\n\t\t\t\t\t<\/div>\n\t\t\t\t<\/div>\n\t\t<div class=\"elementor-element elementor-element-323aabc e-flex e-con-boxed e-con e-parent\" data-id=\"323aabc\" data-element_type=\"container\">\n\t\t\t\t\t<div class=\"e-con-inner\">\n\t\t<div class=\"elementor-element elementor-element-c41e03d e-con-full e-flex e-con e-child\" data-id=\"c41e03d\" data-element_type=\"container\">\n\t\t\t\t<div class=\"elementor-element elementor-element-55759d2 elementor-widget elementor-widget-image\" data-id=\"55759d2\" data-element_type=\"widget\" data-widget_type=\"image.default\">\n\t\t\t\t<div class=\"elementor-widget-container\">\n\t\t\t\t\t\t\t\t\t\t\t\t\t<img decoding=\"async\" width=\"768\" height=\"1024\" src=\"https:\/\/octaviocordero.gob.ec\/wp-content\/uploads\/2024\/05\/WhatsApp-Image-2024-05-23-at-4.21.06-PM-768x1024.jpeg\" class=\"attachment-large size-large wp-image-2742\" alt=\"\" srcset=\"https:\/\/octaviocordero.gob.ec\/wp-content\/uploads\/2024\/05\/WhatsApp-Image-2024-05-23-at-4.21.06-PM-768x1024.jpeg 768w, https:\/\/octaviocordero.gob.ec\/wp-content\/uploads\/2024\/05\/WhatsApp-Image-2024-05-23-at-4.21.06-PM-225x300.jpeg 225w, https:\/\/octaviocordero.gob.ec\/wp-content\/uploads\/2024\/05\/WhatsApp-Image-2024-05-23-at-4.21.06-PM-1152x1536.jpeg 1152w, https:\/\/octaviocordero.gob.ec\/wp-content\/uploads\/2024\/05\/WhatsApp-Image-2024-05-23-at-4.21.06-PM-1536x2048.jpeg 1536w, https:\/\/octaviocordero.gob.ec\/wp-content\/uploads\/2024\/05\/WhatsApp-Image-2024-05-23-at-4.21.06-PM-scaled.jpeg 1920w\" sizes=\"(max-width: 768px) 100vw, 768px\" \/>\t\t\t\t\t\t\t\t\t\t\t\t\t<\/div>\n\t\t\t\t<\/div>\n\t\t\t\t<\/div>\n\t\t<div class=\"elementor-element elementor-element-16bd4d7 e-con-full e-flex e-con e-child\" data-id=\"16bd4d7\" data-element_type=\"container\">\n\t\t\t\t<div class=\"elementor-element elementor-element-908ea81 elementor-widget elementor-widget-heading\" data-id=\"908ea81\" data-element_type=\"widget\" data-widget_type=\"heading.default\">\n\t\t\t\t<div class=\"elementor-widget-container\">\n\t\t\t<h2 class=\"elementor-heading-title elementor-size-default\">Ing. Wilma Angelica Zha\u00f1ay Lema<\/h2>\t\t<\/div>\n\t\t\t\t<\/div>\n\t\t\t\t<div class=\"elementor-element elementor-element-b8dfe53 elementor-widget elementor-widget-text-editor\" data-id=\"b8dfe53\" data-element_type=\"widget\" data-widget_type=\"text-editor.default\">\n\t\t\t\t<div class=\"elementor-widget-container\">\n\t\t\t\t\t\t\t<p>VICEPRESIDENTE<\/p>\t\t\t\t\t\t<\/div>\n\t\t\t\t<\/div>\n\t\t\t\t<div class=\"elementor-element elementor-element-35e7dac elementor-widget elementor-widget-text-editor\" data-id=\"35e7dac\" data-element_type=\"widget\" data-widget_type=\"text-editor.default\">\n\t\t\t\t<div class=\"elementor-widget-container\">\n\t\t\t\t\t\t\t<p>ADMINISTRACI\u00d3N 2023- 2027<br><\/p>\t\t\t\t\t\t<\/div>\n\t\t\t\t<\/div>\n\t\t\t\t<\/div>\n\t\t\t\t\t<\/div>\n\t\t\t\t<\/div>\n\t\t<div class=\"elementor-element elementor-element-82e5f8a e-flex e-con-boxed e-con e-parent\" data-id=\"82e5f8a\" data-element_type=\"container\">\n\t\t\t\t\t<div class=\"e-con-inner\">\n\t\t<div class=\"elementor-element elementor-element-f8f30e5 e-con-full e-flex e-con e-child\" data-id=\"f8f30e5\" data-element_type=\"container\">\n\t\t\t\t<div class=\"elementor-element elementor-element-c0e8893 elementor-widget elementor-widget-image\" data-id=\"c0e8893\" data-element_type=\"widget\" data-widget_type=\"image.default\">\n\t\t\t\t<div class=\"elementor-widget-container\">\n\t\t\t\t\t\t\t\t\t\t\t\t\t<img decoding=\"async\" width=\"768\" height=\"1024\" src=\"https:\/\/octaviocordero.gob.ec\/wp-content\/uploads\/2024\/05\/WhatsApp-Image-2024-05-23-at-4.14.39-PM-1-768x1024.jpeg\" class=\"attachment-large size-large wp-image-2741\" alt=\"\" srcset=\"https:\/\/octaviocordero.gob.ec\/wp-content\/uploads\/2024\/05\/WhatsApp-Image-2024-05-23-at-4.14.39-PM-1-768x1024.jpeg 768w, https:\/\/octaviocordero.gob.ec\/wp-content\/uploads\/2024\/05\/WhatsApp-Image-2024-05-23-at-4.14.39-PM-1-225x300.jpeg 225w, https:\/\/octaviocordero.gob.ec\/wp-content\/uploads\/2024\/05\/WhatsApp-Image-2024-05-23-at-4.14.39-PM-1-1152x1536.jpeg 1152w, https:\/\/octaviocordero.gob.ec\/wp-content\/uploads\/2024\/05\/WhatsApp-Image-2024-05-23-at-4.14.39-PM-1-1536x2048.jpeg 1536w, https:\/\/octaviocordero.gob.ec\/wp-content\/uploads\/2024\/05\/WhatsApp-Image-2024-05-23-at-4.14.39-PM-1-scaled.jpeg 1920w\" sizes=\"(max-width: 768px) 100vw, 768px\" \/>\t\t\t\t\t\t\t\t\t\t\t\t\t<\/div>\n\t\t\t\t<\/div>\n\t\t\t\t<\/div>\n\t\t<div class=\"elementor-element elementor-element-23d0543 e-con-full e-flex e-con e-child\" data-id=\"23d0543\" data-element_type=\"container\">\n\t\t\t\t<div class=\"elementor-element elementor-element-10dfc4e elementor-widget elementor-widget-heading\" data-id=\"10dfc4e\" data-element_type=\"widget\" data-widget_type=\"heading.default\">\n\t\t\t\t<div class=\"elementor-widget-container\">\n\t\t\t<h2 class=\"elementor-heading-title elementor-size-default\">Econ. Edwin Manuel Aguilar Montesdeoca<\/h2>\t\t<\/div>\n\t\t\t\t<\/div>\n\t\t\t\t<div class=\"elementor-element elementor-element-c8a61f7 elementor-widget elementor-widget-text-editor\" data-id=\"c8a61f7\" data-element_type=\"widget\" data-widget_type=\"text-editor.default\">\n\t\t\t\t<div class=\"elementor-widget-container\">\n\t\t\t\t\t\t\t<p>VOCAL<\/p>\t\t\t\t\t\t<\/div>\n\t\t\t\t<\/div>\n\t\t\t\t<div class=\"elementor-element elementor-element-12d98a3 elementor-widget elementor-widget-text-editor\" data-id=\"12d98a3\" data-element_type=\"widget\" data-widget_type=\"text-editor.default\">\n\t\t\t\t<div class=\"elementor-widget-container\">\n\t\t\t\t\t\t\t<p>ADMINISTRACI\u00d3N 2023- 2027<br><\/p>\t\t\t\t\t\t<\/div>\n\t\t\t\t<\/div>\n\t\t\t\t<\/div>\n\t\t\t\t\t<\/div>\n\t\t\t\t<\/div>\n\t\t<div class=\"elementor-element elementor-element-2c372de e-flex e-con-boxed e-con e-parent\" data-id=\"2c372de\" data-element_type=\"container\">\n\t\t\t\t\t<div class=\"e-con-inner\">\n\t\t<div class=\"elementor-element elementor-element-fdf1f92 e-con-full e-flex e-con e-child\" data-id=\"fdf1f92\" data-element_type=\"container\">\n\t\t\t\t<div class=\"elementor-element elementor-element-2bb70b5 elementor-widget elementor-widget-image\" data-id=\"2bb70b5\" data-element_type=\"widget\" data-widget_type=\"image.default\">\n\t\t\t\t<div class=\"elementor-widget-container\">\n\t\t\t\t\t\t\t\t\t\t\t\t\t<img loading=\"lazy\" decoding=\"async\" width=\"743\" height=\"1024\" src=\"https:\/\/octaviocordero.gob.ec\/wp-content\/uploads\/2024\/05\/WhatsApp-Image-2024-05-23-at-4.34.02-PM-1-743x1024.png\" class=\"attachment-large size-large wp-image-2816\" alt=\"\" srcset=\"https:\/\/octaviocordero.gob.ec\/wp-content\/uploads\/2024\/05\/WhatsApp-Image-2024-05-23-at-4.34.02-PM-1-743x1024.png 743w, https:\/\/octaviocordero.gob.ec\/wp-content\/uploads\/2024\/05\/WhatsApp-Image-2024-05-23-at-4.34.02-PM-1-218x300.png 218w, https:\/\/octaviocordero.gob.ec\/wp-content\/uploads\/2024\/05\/WhatsApp-Image-2024-05-23-at-4.34.02-PM-1-768x1058.png 768w, https:\/\/octaviocordero.gob.ec\/wp-content\/uploads\/2024\/05\/WhatsApp-Image-2024-05-23-at-4.34.02-PM-1-1115x1536.png 1115w, https:\/\/octaviocordero.gob.ec\/wp-content\/uploads\/2024\/05\/WhatsApp-Image-2024-05-23-at-4.34.02-PM-1-1487x2048.png 1487w\" sizes=\"(max-width: 743px) 100vw, 743px\" \/>\t\t\t\t\t\t\t\t\t\t\t\t\t<\/div>\n\t\t\t\t<\/div>\n\t\t\t\t<\/div>\n\t\t<div class=\"elementor-element elementor-element-dfd6b77 e-con-full e-flex e-con e-child\" data-id=\"dfd6b77\" data-element_type=\"container\">\n\t\t\t\t<div class=\"elementor-element elementor-element-911dc5c elementor-widget elementor-widget-heading\" data-id=\"911dc5c\" data-element_type=\"widget\" data-widget_type=\"heading.default\">\n\t\t\t\t<div class=\"elementor-widget-container\">\n\t\t\t<h2 class=\"elementor-heading-title elementor-size-default\">Bertha Carolina Quituisaca Bonete<\/h2>\t\t<\/div>\n\t\t\t\t<\/div>\n\t\t\t\t<div class=\"elementor-element elementor-element-d80b8f6 elementor-widget elementor-widget-text-editor\" data-id=\"d80b8f6\" data-element_type=\"widget\" data-widget_type=\"text-editor.default\">\n\t\t\t\t<div class=\"elementor-widget-container\">\n\t\t\t\t\t\t\t<p>VOCAL<\/p>\t\t\t\t\t\t<\/div>\n\t\t\t\t<\/div>\n\t\t\t\t<div class=\"elementor-element elementor-element-3361a7b elementor-widget elementor-widget-text-editor\" data-id=\"3361a7b\" data-element_type=\"widget\" data-widget_type=\"text-editor.default\">\n\t\t\t\t<div class=\"elementor-widget-container\">\n\t\t\t\t\t\t\t<p>ADMINISTRACI\u00d3N 2023- 2027<br><\/p>\t\t\t\t\t\t<\/div>\n\t\t\t\t<\/div>\n\t\t\t\t<\/div>\n\t\t\t\t\t<\/div>\n\t\t\t\t<\/div>\n\t\t<div class=\"elementor-element elementor-element-0fe0bb0 e-flex e-con-boxed e-con e-parent\" data-id=\"0fe0bb0\" data-element_type=\"container\">\n\t\t\t\t\t<div class=\"e-con-inner\">\n\t\t<div class=\"elementor-element elementor-element-ab27474 e-con-full e-flex e-con e-child\" data-id=\"ab27474\" data-element_type=\"container\">\n\t\t\t\t<div class=\"elementor-element elementor-element-ce0b2ce elementor-widget elementor-widget-image\" data-id=\"ce0b2ce\" data-element_type=\"widget\" data-widget_type=\"image.default\">\n\t\t\t\t<div class=\"elementor-widget-container\">\n\t\t\t\t\t\t\t\t\t\t\t\t\t<img loading=\"lazy\" decoding=\"async\" width=\"768\" height=\"1024\" src=\"https:\/\/octaviocordero.gob.ec\/wp-content\/uploads\/2024\/05\/WhatsApp-Image-2024-05-23-at-4.22.19-PM-768x1024.jpeg\" class=\"attachment-large size-large wp-image-2743\" alt=\"\" srcset=\"https:\/\/octaviocordero.gob.ec\/wp-content\/uploads\/2024\/05\/WhatsApp-Image-2024-05-23-at-4.22.19-PM-768x1024.jpeg 768w, https:\/\/octaviocordero.gob.ec\/wp-content\/uploads\/2024\/05\/WhatsApp-Image-2024-05-23-at-4.22.19-PM-225x300.jpeg 225w, https:\/\/octaviocordero.gob.ec\/wp-content\/uploads\/2024\/05\/WhatsApp-Image-2024-05-23-at-4.22.19-PM-1152x1536.jpeg 1152w, https:\/\/octaviocordero.gob.ec\/wp-content\/uploads\/2024\/05\/WhatsApp-Image-2024-05-23-at-4.22.19-PM-1536x2048.jpeg 1536w, https:\/\/octaviocordero.gob.ec\/wp-content\/uploads\/2024\/05\/WhatsApp-Image-2024-05-23-at-4.22.19-PM-scaled.jpeg 1920w\" sizes=\"(max-width: 768px) 100vw, 768px\" \/>\t\t\t\t\t\t\t\t\t\t\t\t\t<\/div>\n\t\t\t\t<\/div>\n\t\t\t\t<\/div>\n\t\t<div class=\"elementor-element elementor-element-320be54 e-con-full e-flex e-con e-child\" data-id=\"320be54\" data-element_type=\"container\">\n\t\t\t\t<div class=\"elementor-element elementor-element-2f54bab elementor-widget elementor-widget-heading\" data-id=\"2f54bab\" data-element_type=\"widget\" data-widget_type=\"heading.default\">\n\t\t\t\t<div class=\"elementor-widget-container\">\n\t\t\t<h2 class=\"elementor-heading-title elementor-size-default\">Lic. Mario Ernesto Ordo\u00f1ez Chalco<\/h2>\t\t<\/div>\n\t\t\t\t<\/div>\n\t\t\t\t<div class=\"elementor-element elementor-element-9820008 elementor-widget elementor-widget-text-editor\" data-id=\"9820008\" data-element_type=\"widget\" data-widget_type=\"text-editor.default\">\n\t\t\t\t<div class=\"elementor-widget-container\">\n\t\t\t\t\t\t\t<p>VOCAL<\/p>\t\t\t\t\t\t<\/div>\n\t\t\t\t<\/div>\n\t\t\t\t<div class=\"elementor-element elementor-element-c5a1409 elementor-widget elementor-widget-text-editor\" data-id=\"c5a1409\" data-element_type=\"widget\" data-widget_type=\"text-editor.default\">\n\t\t\t\t<div class=\"elementor-widget-container\">\n\t\t\t\t\t\t\t<p>ADMINISTRACI\u00d3N 2023- 2027<br><\/p>\t\t\t\t\t\t<\/div>\n\t\t\t\t<\/div>\n\t\t\t\t<\/div>\n\t\t\t\t\t<\/div>\n\t\t\t\t<\/div>\n\t\t<div class=\"elementor-element elementor-element-3eaac0d e-flex e-con-boxed e-con e-parent\" data-id=\"3eaac0d\" data-element_type=\"container\">\n\t\t\t\t\t<div class=\"e-con-inner\">\n\t\t\t\t\t<\/div>\n\t\t\t\t<\/div>\n\t\t\t\t<\/div>\n\t\t","protected":false},"excerpt":{"rendered":"<p>ADMINISTRACI\u00d3N 2023 &#8211; 2027 Autoridades Msc. Edgar Fabi\u00e1n Pineda Sinchi PRESIDENTE ADMINISTRACI\u00d3N 2023- 2027 Ing. Wilma Angelica Zha\u00f1ay Lema VICEPRESIDENTE [&hellip;]<\/p>\n","protected":false},"author":1,"featured_media":0,"parent":0,"menu_order":0,"comment_status":"closed","ping_status":"closed","template":"","meta":{"site-sidebar-layout":"no-sidebar","site-content-layout":"","ast-site-content-layout":"full-width-container","site-content-style":"default","site-sidebar-style":"default","ast-global-header-display":"","ast-banner-title-visibility":"","ast-main-header-display":"","ast-hfb-above-header-display":"","ast-hfb-below-header-display":"","ast-hfb-mobile-header-display":"","site-post-title":"disabled","ast-breadcrumbs-content":"","ast-featured-img":"disabled","footer-sml-layout":"","theme-transparent-header-meta":"","adv-header-id-meta":"","stick-header-meta":"","header-above-stick-meta":"","header-main-stick-meta":"","header-below-stick-meta":"","astra-migrate-meta-layouts":"default","ast-page-background-enabled":"default","ast-page-background-meta":{"desktop":{"background-color":"var(--ast-global-color-4)","background-image":"","background-repeat":"repeat","background-position":"center center","background-size":"auto","background-attachment":"scroll","background-type":"","background-media":"","overlay-type":"","overlay-color":"","overlay-gradient":""},"tablet":{"background-color":"","background-image":"","background-repeat":"repeat","background-position":"center center","background-size":"auto","background-attachment":"scroll","background-type":"","background-media":"","overlay-type":"","overlay-color":"","overlay-gradient":""},"mobile":{"background-color":"","background-image":"","background-repeat":"repeat","background-position":"center center","background-size":"auto","background-attachment":"scroll","background-type":"","background-media":"","overlay-type":"","overlay-color":"","overlay-gradient":""}},"ast-content-background-meta":{"desktop":{"background-color":"var(--ast-global-color-5)","background-image":"","background-repeat":"repeat","background-position":"center center","background-size":"auto","background-attachment":"scroll","background-type":"","background-media":"","overlay-type":"","overlay-color":"","overlay-gradient":""},"tablet":{"background-color":"var(--ast-global-color-5)","background-image":"","background-repeat":"repeat","background-position":"center center","background-size":"auto","background-attachment":"scroll","background-type":"","background-media":"","overlay-type":"","overlay-color":"","overlay-gradient":""},"mobile":{"background-color":"var(--ast-global-color-5)","background-image":"","background-repeat":"repeat","background-position":"center center","background-size":"auto","background-attachment":"scroll","background-type":"","background-media":"","overlay-type":"","overlay-color":"","overlay-gradient":""}},"footnotes":""},"class_list":["post-2687","page","type-page","status-publish","hentry"],"_links":{"self":[{"href":"https:\/\/octaviocordero.gob.ec\/index.php\/wp-json\/wp\/v2\/pages\/2687","targetHints":{"allow":["GET"]}}],"collection":[{"href":"https:\/\/octaviocordero.gob.ec\/index.php\/wp-json\/wp\/v2\/pages"}],"about":[{"href":"https:\/\/octaviocordero.gob.ec\/index.php\/wp-json\/wp\/v2\/types\/page"}],"author":[{"embeddable":true,"href":"https:\/\/octaviocordero.gob.ec\/index.php\/wp-json\/wp\/v2\/users\/1"}],"replies":[{"embeddable":true,"href":"https:\/\/octaviocordero.gob.ec\/index.php\/wp-json\/wp\/v2\/comments?post=2687"}],"version-history":[{"count":52,"href":"https:\/\/octaviocordero.gob.ec\/index.php\/wp-json\/wp\/v2\/pages\/2687\/revisions"}],"predecessor-version":[{"id":3282,"href":"https:\/\/octaviocordero.gob.ec\/index.php\/wp-json\/wp\/v2\/pages\/2687\/revisions\/3282"}],"wp:attachment":[{"href":"https:\/\/octaviocordero.gob.ec\/index.php\/wp-json\/wp\/v2\/media?parent=2687"}],"curies":[{"name":"wp","href":"https:\/\/api.w.org\/{rel}","templated":true}]}}