{"id":261,"date":"2019-01-16T16:07:29","date_gmt":"2019-01-16T16:07:29","guid":{"rendered":"https:\/\/octaviocordero.gob.ec\/?page_id=261"},"modified":"2019-03-16T23:03:04","modified_gmt":"2019-03-16T23:03:04","slug":"simbolos-civicos-de-la-parroquia","status":"publish","type":"page","link":"https:\/\/octaviocordero.gob.ec\/index.php\/simbolos-civicos-de-la-parroquia\/","title":{"rendered":"S\u00cdMBOLOS C\u00cdVICOS DE LA PARROQUIA"},"content":{"rendered":"<p>Nuestros s\u00edmbolos son tan importantes para nuestra parroquia, porque nos identifican y transmiten la labor extraordinaria que realiza\u00a0 nuestra gente a mas de las bondades de nuestra tierra.<\/p>\n<p>BANDERA PARROQUIA OCTAVIO CORDERO PALACIOS<\/p>\n<p><img fetchpriority=\"high\" decoding=\"async\" class=\"alignnone size-medium wp-image-262\" src=\"https:\/\/octaviocordero.gob.ec\/wp-content\/uploads\/2019\/01\/BANDERA-300x200.jpg\" alt=\"\" width=\"300\" height=\"200\" srcset=\"https:\/\/octaviocordero.gob.ec\/wp-content\/uploads\/2019\/01\/BANDERA-300x200.jpg 300w, https:\/\/octaviocordero.gob.ec\/wp-content\/uploads\/2019\/01\/BANDERA-768x512.jpg 768w, https:\/\/octaviocordero.gob.ec\/wp-content\/uploads\/2019\/01\/BANDERA-1024x683.jpg 1024w, https:\/\/octaviocordero.gob.ec\/wp-content\/uploads\/2019\/01\/BANDERA-780x520.jpg 780w, https:\/\/octaviocordero.gob.ec\/wp-content\/uploads\/2019\/01\/BANDERA-1120x747.jpg 1120w\" sizes=\"(max-width: 300px) 100vw, 300px\" \/><\/p>\n<p>ESCUDO PARROQUIA\u00a0 OCTAVIO CORDERO PALACIOS<\/p>\n<p><img decoding=\"async\" class=\"alignnone size-medium wp-image-263\" src=\"https:\/\/octaviocordero.gob.ec\/wp-content\/uploads\/2019\/01\/ESCUDO-214x300.jpg\" alt=\"\" width=\"214\" height=\"300\" srcset=\"https:\/\/octaviocordero.gob.ec\/wp-content\/uploads\/2019\/01\/ESCUDO-214x300.jpg 214w, https:\/\/octaviocordero.gob.ec\/wp-content\/uploads\/2019\/01\/ESCUDO-768x1075.jpg 768w, https:\/\/octaviocordero.gob.ec\/wp-content\/uploads\/2019\/01\/ESCUDO-731x1024.jpg 731w, https:\/\/octaviocordero.gob.ec\/wp-content\/uploads\/2019\/01\/ESCUDO-780x1092.jpg 780w, https:\/\/octaviocordero.gob.ec\/wp-content\/uploads\/2019\/01\/ESCUDO-1120x1568.jpg 1120w\" sizes=\"(max-width: 214px) 100vw, 214px\" \/><\/p>\n<h2><strong>EVENTOS<\/strong><\/h2>\n","protected":false},"excerpt":{"rendered":"<p>Nuestros s\u00edmbolos son tan importantes para nuestra parroquia, porque nos identifican y transmiten la labor extraordinaria que realiza\u00a0 nuestra gente [&hellip;]<\/p>\n","protected":false},"author":1,"featured_media":0,"parent":0,"menu_order":0,"comment_status":"closed","ping_status":"closed","template":"","meta":{"site-sidebar-layout":"default","site-content-layout":"","ast-site-content-layout":"","site-content-style":"default","site-sidebar-style":"default","ast-global-header-display":"","ast-banner-title-visibility":"","ast-main-header-display":"","ast-hfb-above-header-display":"","ast-hfb-below-header-display":"","ast-hfb-mobile-header-display":"","site-post-title":"","ast-breadcrumbs-content":"","ast-featured-img":"","footer-sml-layout":"","theme-transparent-header-meta":"","adv-header-id-meta":"","stick-header-meta":"","header-above-stick-meta":"","header-main-stick-meta":"","header-below-stick-meta":"","astra-migrate-meta-layouts":"default","ast-page-background-enabled":"default","ast-page-background-meta":{"desktop":{"background-color":"var(--ast-global-color-4)","background-image":"","background-repeat":"repeat","background-position":"center center","background-size":"auto","background-attachment":"scroll","background-type":"","background-media":"","overlay-type":"","overlay-color":"","overlay-gradient":""},"tablet":{"background-color":"","background-image":"","background-repeat":"repeat","background-position":"center center","background-size":"auto","background-attachment":"scroll","background-type":"","background-media":"","overlay-type":"","overlay-color":"","overlay-gradient":""},"mobile":{"background-color":"","background-image":"","background-repeat":"repeat","background-position":"center center","background-size":"auto","background-attachment":"scroll","background-type":"","background-media":"","overlay-type":"","overlay-color":"","overlay-gradient":""}},"ast-content-background-meta":{"desktop":{"background-color":"var(--ast-global-color-5)","background-image":"","background-repeat":"repeat","background-position":"center center","background-size":"auto","background-attachment":"scroll","background-type":"","background-media":"","overlay-type":"","overlay-color":"","overlay-gradient":""},"tablet":{"background-color":"var(--ast-global-color-5)","background-image":"","background-repeat":"repeat","background-position":"center center","background-size":"auto","background-attachment":"scroll","background-type":"","background-media":"","overlay-type":"","overlay-color":"","overlay-gradient":""},"mobile":{"background-color":"var(--ast-global-color-5)","background-image":"","background-repeat":"repeat","background-position":"center center","background-size":"auto","background-attachment":"scroll","background-type":"","background-media":"","overlay-type":"","overlay-color":"","overlay-gradient":""}},"footnotes":""},"class_list":["post-261","page","type-page","status-publish","hentry"],"_links":{"self":[{"href":"https:\/\/octaviocordero.gob.ec\/index.php\/wp-json\/wp\/v2\/pages\/261","targetHints":{"allow":["GET"]}}],"collection":[{"href":"https:\/\/octaviocordero.gob.ec\/index.php\/wp-json\/wp\/v2\/pages"}],"about":[{"href":"https:\/\/octaviocordero.gob.ec\/index.php\/wp-json\/wp\/v2\/types\/page"}],"author":[{"embeddable":true,"href":"https:\/\/octaviocordero.gob.ec\/index.php\/wp-json\/wp\/v2\/users\/1"}],"replies":[{"embeddable":true,"href":"https:\/\/octaviocordero.gob.ec\/index.php\/wp-json\/wp\/v2\/comments?post=261"}],"version-history":[{"count":7,"href":"https:\/\/octaviocordero.gob.ec\/index.php\/wp-json\/wp\/v2\/pages\/261\/revisions"}],"predecessor-version":[{"id":548,"href":"https:\/\/octaviocordero.gob.ec\/index.php\/wp-json\/wp\/v2\/pages\/261\/revisions\/548"}],"wp:attachment":[{"href":"https:\/\/octaviocordero.gob.ec\/index.php\/wp-json\/wp\/v2\/media?parent=261"}],"curies":[{"name":"wp","href":"https:\/\/api.w.org\/{rel}","templated":true}]}}